{"id":1247,"date":"2024-08-26T13:26:45","date_gmt":"2024-08-26T11:26:45","guid":{"rendered":"https:\/\/brandhoutaanhuis.be\/product\/bois-de-chauffage-30cm-palette-medium-2-00m3"},"modified":"2024-08-26T13:26:45","modified_gmt":"2024-08-26T11:26:45","slug":"bois-de-chauffage-30cm-palette-medium-2-00m3","status":"publish","type":"product","link":"https:\/\/brandhoutaanhuis.be\/fr\/product\/bois-de-chauffage-30cm-palette-medium-2-00m3","title":{"rendered":"Bois de chauffage 30cm palette MEDIUM 2.00m3"},"content":{"rendered":"<p><span style=\"color: #ed1c24;\"><strong>Br\u00fble le plus longtemps :<\/strong><\/span> \u00ab\u00a0Bois de chauffage \u00e0 la maison\u00a0\u00bb Palette MEDIUM la longueur des blocs est de 30cm. <span style=\"color: #282828;\"><strong>Longue dur\u00e9e de combustion et odeur agr\u00e9able.<\/strong><\/span><\/p>\n<p>Presque aucun type de bois ne dure aussi longtemps que le bois de Firewood at Home. Avec cette palette MEDIUM, vous n&rsquo;avez pas \u00e0 vous soucier de passer l&rsquo;hiver. <\/p>\n<p><strong><span style=\"color: #282828;\">Faible teneur en humidit\u00e9 r\u00e9siduelle pour un pouvoir calorifique \u00e9lev\u00e9.<\/span><\/strong><br \/>\nGr\u00e2ce \u00e0 une combinaison de s\u00e9chage \u00e0 l&rsquo;air et en chambre, Firewood at Home atteint une valeur moyenne de 18% avec un maximum de 20%. Votre avantage : plus de pouvoir calorifique, moins de suie.<\/p>\n<p><strong><span style=\"color: #282828;\">Livr\u00e9 dans toute la Belgique sans frais de port.<\/span><\/strong><br \/>\nFirewood at Home promet : Tous les prix sur ce site web incluent la livraison &#8211; dans toute la Belgique. Vous trouverez plus d&rsquo;informations sur la livraison sous l&rsquo;onglet \u00ab\u00a0Livraisons\u00a0\u00bb. <span style=\"color: #282828;\"><strong>Commander du bois de chauffage en ligne<\/strong><\/span><br \/>\nAchetez du bois de chauffage de haute qualit\u00e9 \u00e0 un <strong>prix de gros\/usine abordable<\/strong>. Un charbon chaud et longtemps incandescent et une odeur agr\u00e9able sont inclus. <\/p>\n<p><span style=\"text-decoration: underline;\"><strong>Notre bois dur est un m\u00e9lange de ch\u00eane, de fr\u00eane et de h\u00eatre.<\/strong><\/span><br \/>\nIl n&rsquo;y a gu\u00e8re d&rsquo;autre essence de bois qui puisse faire mieux que le ch\u00eane en termes de dur\u00e9e de combustion : vous ne devez ajouter du ch\u00eane qu&rsquo;apr\u00e8s 2 ou 3 heures si votre ch\u00eane br\u00fble bien. Le h\u00eatre est une essence de bois dur. Par cons\u00e9quent, il ne br\u00fble pas aussi facilement que le bouleau, par exemple. Nous vous recommandons d&rsquo;allumer le feu avec du bois d&rsquo;allumage et des allume-feu. Le feu br\u00fble-t-il bien ? Vous pouvez continuer \u00e0 alimenter le feu avec ce type de bois. Le ch\u00eane est tr\u00e8s facile \u00e0 allumer. C&rsquo;est l&rsquo;\u00e9corce qui s&rsquo;enflamme le plus rapidement, apr\u00e8s quoi vous ne devez pas faire grand-chose pour entretenir le feu. Nous vous conseillons d&rsquo;allumer le feu avec du bois d&rsquo;allumage et des allume-feu. Le feu br\u00fble-t-il bien ? Vous pouvez alors continuer \u00e0 alimenter le feu avec ce type de bois. La combinaison de ces diff\u00e9rentes essences est donc id\u00e9ale pour allumer votre feu et le maintenir longtemps. Nos essences de bois ont une densit\u00e9 moyenne de <\/p>\n<p> <strong>un excellent pouvoir calorifique de 4,2 KWh\/kg. Cela est d\u00fb \u00e0 la faible humidit\u00e9 r\u00e9siduelle (jusqu&rsquo;\u00e0 20 %) <\/strong>. Voor brandhout is wettelijk een maximaal vochtgehalte van 25% vereist. Dat \u00ab\u00a0Brandhout aan huis\u00a0\u00bb betere waardes kan behalen is te danken aan de optimale combinatie van lucht- en kamerdroging.  <\/p>\n<p>&nbsp;<\/p>\n","protected":false},"excerpt":{"rendered":"<p><span style=\"color: #808080;\">Le bois le plus populaire de Belgique : \u00ab\u00a0Bois de chauffage \u00e0 la maison\u00a0\u00bb MEDIUM Bois de palette.<\/span><\/p>\n<p><span style=\"text-decoration: underline;\"><strong>Notre bois dur est un m\u00e9lange de ch\u00eane, de fr\u00eane et de h\u00eatre.<\/strong><\/span><\/p>\n<p>1 Palette = 2m\u00b3 = 3 st\u00e8res La longueur des blocs est de 30cm.<\/p>\n","protected":false},"featured_media":1282,"comment_status":"open","ping_status":"closed","template":"","meta":{"_acf_changed":false},"product_brand":[],"product_cat":[68],"product_tag":[],"class_list":{"0":"post-1247","1":"product","2":"type-product","3":"status-publish","4":"has-post-thumbnail","6":"product_cat-bois-de-chauffage","8":"first","9":"outofstock","10":"sale","11":"taxable","12":"shipping-taxable","13":"purchasable","14":"product-type-simple"},"acf":[],"_links":{"self":[{"href":"https:\/\/brandhoutaanhuis.be\/fr\/wp-json\/wp\/v2\/product\/1247","targetHints":{"allow":["GET"]}}],"collection":[{"href":"https:\/\/brandhoutaanhuis.be\/fr\/wp-json\/wp\/v2\/product"}],"about":[{"href":"https:\/\/brandhoutaanhuis.be\/fr\/wp-json\/wp\/v2\/types\/product"}],"replies":[{"embeddable":true,"href":"https:\/\/brandhoutaanhuis.be\/fr\/wp-json\/wp\/v2\/comments?post=1247"}],"wp:featuredmedia":[{"embeddable":true,"href":"https:\/\/brandhoutaanhuis.be\/fr\/wp-json\/wp\/v2\/media\/1282"}],"wp:attachment":[{"href":"https:\/\/brandhoutaanhuis.be\/fr\/wp-json\/wp\/v2\/media?parent=1247"}],"wp:term":[{"taxonomy":"product_brand","embeddable":true,"href":"https:\/\/brandhoutaanhuis.be\/fr\/wp-json\/wp\/v2\/product_brand?post=1247"},{"taxonomy":"product_cat","embeddable":true,"href":"https:\/\/brandhoutaanhuis.be\/fr\/wp-json\/wp\/v2\/product_cat?post=1247"},{"taxonomy":"product_tag","embeddable":true,"href":"https:\/\/brandhoutaanhuis.be\/fr\/wp-json\/wp\/v2\/product_tag?post=1247"}],"curies":[{"name":"wp","href":"https:\/\/api.w.org\/{rel}","templated":true}]}}