{"id":1239,"date":"2021-06-11T10:05:53","date_gmt":"2021-06-11T08:05:53","guid":{"rendered":"https:\/\/brandhoutaanhuis.be\/product\/briquettes-de-bois-sur-une-palette-de-675-blocs"},"modified":"2024-10-22T13:47:51","modified_gmt":"2024-10-22T11:47:51","slug":"briquettes-de-bois-sur-une-palette-de-675-blocs","status":"publish","type":"product","link":"https:\/\/brandhoutaanhuis.be\/fr\/product\/briquettes-de-bois-sur-une-palette-de-675-blocs","title":{"rendered":"Briquettes de bois sur une palette de 675 blocs"},"content":{"rendered":"<p><strong><span style=\"color: #282828;\">Livr\u00e9 dans toute la Belgique sans frais de port.<\/span><\/strong>  Firewood at Home promet : Tous les prix sur ce site web incluent la livraison &#8211; dans toute la Belgique. Vous trouverez plus d&rsquo;informations sur la livraison sous l&rsquo;onglet \u00ab\u00a0Livraisons\u00a0\u00bb. <strong>Qualit\u00e9 premium certifi\u00e9e dans la classe de qualit\u00e9 la plus \u00e9lev\u00e9e : A1<\/strong> Nos briquettes de bois rondes de qualit\u00e9 premium en palettes de 1012 kg : un pouvoir calorifique \u00e9lev\u00e9 issu d&rsquo;une culture durable et sans additifs chimiques. Et c&rsquo;est encore mieux, car \u00ab\u00a0Firewood at home\u00a0\u00bb surpasse presque toutes les valeurs mesur\u00e9es. <span style=\"color: #282828;\"><strong>Commandez des briquettes de bois en ligne<\/strong><\/span> Achetez maintenant des briquettes de bois de haute qualit\u00e9 \u00e0 un prix d&rsquo;usine abordable. Apprenez-en plus sur les briquettes de bois ci-dessous.<\/p>\n<h3 class=\"accordion_title\">En savoir plus sur les briquettes de bois<\/h3><div class=\"accordion\">\n\t<div id=\"accordion-849759878\" class=\"accordion-item\">\n\t\t<a id=\"accordion-849759878-label\" class=\"accordion-title plain\" href=\"#accordion-item-naturel-et-durable\" aria-expanded=\"false\" aria-controls=\"accordion-849759878-content\" >\n\t\t\t<button class=\"toggle\" aria-label=\"Basculer\"><i class=\"icon-angle-down\"><\/i><\/button>\n\t\t\t<span>Naturel et durable<\/span>\n\t\t<\/a>\n\t\t<div id=\"accordion-849759878-content\" class=\"accordion-inner\" aria-labelledby=\"accordion-849759878-label\" >\n\t\t\t\n<p>Ces briquettes de bois rondes sont compos\u00e9es exclusivement de bois locaux, \u00e0 savoir le h\u00eatre et le ch\u00eane. Gr\u00e2ce \u00e0 un proc\u00e9d\u00e9 de pressage moderne, elles se caract\u00e9risent par une densit\u00e9 \u00e9lev\u00e9e, <strong>sans adjuvants chimiques<\/strong> ni autres additifs. Seule la lignine du bois sert de liant. Ces briquettes de bois rondes sont donc un v\u00e9ritable <strong>produit naturel<\/strong>. Comme les copeaux de bois proviennent directement de scieries ou d&rsquo;usines de rabotage, o\u00f9 ils constituent d\u00e9j\u00e0 un d\u00e9chet, <strong>il n&rsquo;est pas<\/strong> n\u00e9cessaire d&rsquo;<strong>abattre des arbres<\/strong> pour fabriquer une briquette de bois rond.<\/p>\n\t\t<\/div>\n\t<\/div>\n\t\n\t<div id=\"accordion-1523387678\" class=\"accordion-item\">\n\t\t<a id=\"accordion-1523387678-label\" class=\"accordion-title plain\" href=\"#accordion-item-emballage-soign\u00e9-et-pratique\" aria-expanded=\"false\" aria-controls=\"accordion-1523387678-content\" >\n\t\t\t<button class=\"toggle\" aria-label=\"Basculer\"><i class=\"icon-angle-down\"><\/i><\/button>\n\t\t\t<span>Emballage soign\u00e9 et pratique<\/span>\n\t\t<\/a>\n\t\t<div id=\"accordion-1523387678-content\" class=\"accordion-inner\" aria-labelledby=\"accordion-1523387678-label\" >\n\t\t\t\n<p>Chaque briquette mesure 15 cm de long et 6 cm de diam\u00e8tre. Les briquettes de bois sont livr\u00e9es sur des palettes \u00e0 usage unique. 5 briquettes de bois sont toujours emball\u00e9es dans une feuille d&rsquo;aluminium en paquets individuels pratiques. Pour un stockage simple et propre.<\/p>\n\t\t<\/div>\n\t<\/div>\n\t\n\t<div id=\"accordion-3561125361\" class=\"accordion-item\">\n\t\t<a id=\"accordion-3561125361-label\" class=\"accordion-title plain\" href=\"#accordion-item-valeur-calorifique\" aria-expanded=\"false\" aria-controls=\"accordion-3561125361-content\" >\n\t\t\t<button class=\"toggle\" aria-label=\"Basculer\"><i class=\"icon-angle-down\"><\/i><\/button>\n\t\t\t<span>Valeur calorifique<\/span>\n\t\t<\/a>\n\t\t<div id=\"accordion-3561125361-content\" class=\"accordion-inner\" aria-labelledby=\"accordion-3561125361-label\" >\n\t\t\t\n<p>Nos briquettes de bois ont un<strong> pouvoir calorifique<\/strong> int\u00e9ressant<strong> de 5,1 kWh\/kg<\/strong>. Lorsque les briquettes de bois extr\u00eamement denses commencent \u00e0 br\u00fbler dans le four, elles se dilatent. Lors de la cuisson et du rechargement, gardez \u00e0 l&rsquo;esprit que le volume des briquettes peut augmenter de 20 \u00e0 30 %. Comme les briquettes rondes sont faciles \u00e0 casser en morceaux, elles sont \u00e9galement id\u00e9ales pour les petits fours.<\/p>\n\t\t<\/div>\n\t<\/div>\n\t\n\t<div id=\"accordion-133806194\" class=\"accordion-item\">\n\t\t<a id=\"accordion-133806194-label\" class=\"accordion-title plain\" href=\"#accordion-item-motif-flamme-agr\u00e9able\" aria-expanded=\"false\" aria-controls=\"accordion-133806194-content\" >\n\t\t\t<button class=\"toggle\" aria-label=\"Basculer\"><i class=\"icon-angle-down\"><\/i><\/button>\n\t\t\t<span>Motif flamme agr\u00e9able<\/span>\n\t\t<\/a>\n\t\t<div id=\"accordion-133806194-content\" class=\"accordion-inner\" aria-labelledby=\"accordion-133806194-label\" >\n\t\t\t\n<p>La grande expansion des briquettes de bois rondes dans le po\u00eale a un effet secondaire bienvenu : l&rsquo;augmentation de la surface du combustible permet d&rsquo;obtenir une excellente puissance de chauffe et de cr\u00e9er des flammes vives.<\/p>\n\t\t<\/div>\n\t<\/div>\n\t\n\t<div id=\"accordion-3666019143\" class=\"accordion-item\">\n\t\t<a id=\"accordion-3666019143-label\" class=\"accordion-title plain\" href=\"#accordion-item-longue-dur\u00e9e-de-combustion\" aria-expanded=\"false\" aria-controls=\"accordion-3666019143-content\" >\n\t\t\t<button class=\"toggle\" aria-label=\"Basculer\"><i class=\"icon-angle-down\"><\/i><\/button>\n\t\t\t<span>Longue dur\u00e9e de combustion<\/span>\n\t\t<\/a>\n\t\t<div id=\"accordion-3666019143-content\" class=\"accordion-inner\" aria-labelledby=\"accordion-3666019143-label\" >\n\t\t\t\n<p>La compression extr\u00eamement \u00e9lev\u00e9e des briquettes de bois dans le syst\u00e8me de briquettes moderne garantit une longue <strong>dur\u00e9e de combustion allant jusqu&rsquo;\u00e0 deux heures.<\/strong> Les braises durent jusqu&rsquo;\u00e0 trois heures. Le rechargement n&rsquo;est donc n\u00e9cessaire qu&rsquo;\u00e0 des intervalles plus longs. De plus, la <strong>teneur en cendres<\/strong> de ces briquettes de bois rondes tr\u00e8s efficaces est <strong>inf\u00e9rieure \u00e0 0,35 %<\/strong>.<\/p>\n\t\t<\/div>\n\t<\/div>\n\t\n\t<div id=\"accordion-4173762464\" class=\"accordion-item\">\n\t\t<a id=\"accordion-4173762464-label\" class=\"accordion-title plain\" href=\"#accordion-item-faible-humidit\u00e9-r\u00e9siduelle\" aria-expanded=\"false\" aria-controls=\"accordion-4173762464-content\" >\n\t\t\t<button class=\"toggle\" aria-label=\"Basculer\"><i class=\"icon-angle-down\"><\/i><\/button>\n\t\t\t<span>Faible humidit\u00e9 r\u00e9siduelle<\/span>\n\t\t<\/a>\n\t\t<div id=\"accordion-4173762464-content\" class=\"accordion-inner\" aria-labelledby=\"accordion-4173762464-label\" >\n\t\t\t\n<p>Avec ces briquettes de bois, vous obtenez la meilleure qualit\u00e9 et vous mettez l&rsquo;accent sur la <strong>durabilit\u00e9<\/strong>: lors de la combustion, seule la quantit\u00e9 de CO2 li\u00e9e au bois est lib\u00e9r\u00e9e. La tr\u00e8s faible teneur en humidit\u00e9 r\u00e9siduelle, comprise entre 6 et 8 %, garantit une formation de fum\u00e9e et de suie particuli\u00e8rement faible. C&rsquo;est une autre fa\u00e7on de prot\u00e9ger l&rsquo;environnement et de faire du bien \u00e0 votre po\u00eale.<\/p>\n\t\t<\/div>\n\t<\/div>\n\t\n<\/div>\n","protected":false},"excerpt":{"rendered":"<p>Briquettes fournies avec la certification A1. Nos briquettes sont fabriqu\u00e9es \u00e0 partir de bois durs. Briquettes de bois : Elles sont emball\u00e9es par 5 b\u00fbches dans des filets. 1 palette = 135 filets x 5 blocs = 675 blocs Briquettes de qualit\u00e9 produites par GSP Energies   <\/p>\n","protected":false},"featured_media":1113,"comment_status":"open","ping_status":"closed","template":"","meta":{"_acf_changed":false},"product_brand":[],"product_cat":[70],"product_tag":[],"class_list":{"0":"post-1239","1":"product","2":"type-product","3":"status-publish","4":"has-post-thumbnail","6":"product_cat-briquettes-de-bois","8":"first","9":"outofstock","10":"sale","11":"taxable","12":"shipping-taxable","13":"purchasable","14":"product-type-simple"},"acf":[],"_links":{"self":[{"href":"https:\/\/brandhoutaanhuis.be\/fr\/wp-json\/wp\/v2\/product\/1239","targetHints":{"allow":["GET"]}}],"collection":[{"href":"https:\/\/brandhoutaanhuis.be\/fr\/wp-json\/wp\/v2\/product"}],"about":[{"href":"https:\/\/brandhoutaanhuis.be\/fr\/wp-json\/wp\/v2\/types\/product"}],"replies":[{"embeddable":true,"href":"https:\/\/brandhoutaanhuis.be\/fr\/wp-json\/wp\/v2\/comments?post=1239"}],"wp:featuredmedia":[{"embeddable":true,"href":"https:\/\/brandhoutaanhuis.be\/fr\/wp-json\/wp\/v2\/media\/1113"}],"wp:attachment":[{"href":"https:\/\/brandhoutaanhuis.be\/fr\/wp-json\/wp\/v2\/media?parent=1239"}],"wp:term":[{"taxonomy":"product_brand","embeddable":true,"href":"https:\/\/brandhoutaanhuis.be\/fr\/wp-json\/wp\/v2\/product_brand?post=1239"},{"taxonomy":"product_cat","embeddable":true,"href":"https:\/\/brandhoutaanhuis.be\/fr\/wp-json\/wp\/v2\/product_cat?post=1239"},{"taxonomy":"product_tag","embeddable":true,"href":"https:\/\/brandhoutaanhuis.be\/fr\/wp-json\/wp\/v2\/product_tag?post=1239"}],"curies":[{"name":"wp","href":"https:\/\/api.w.org\/{rel}","templated":true}]}}