{"id":1225,"date":"2021-09-23T10:04:08","date_gmt":"2021-09-23T08:04:08","guid":{"rendered":"https:\/\/brandhoutaanhuis.be\/livraison"},"modified":"2024-10-21T15:59:28","modified_gmt":"2024-10-21T13:59:28","slug":"livraison","status":"publish","type":"page","link":"https:\/\/brandhoutaanhuis.be\/fr\/livraison","title":{"rendered":"Livraison"},"content":{"rendered":"<h1><\/h1>\n<h1 style=\"text-align: center;\">Livraison gratuite apr\u00e8s rendez-vous t\u00e9l\u00e9phonique.<\/h1>\n<p style=\"text-align: center;\">Tous les prix indiqu\u00e9s dans notre boutique comprennent la <strong>livraison gratuite<\/strong> \u00e0 domicile. Il n&rsquo;y a pas de frais cach\u00e9s. La livraison ne peut se faire que dans le Benelux.  <\/p>\n<h4 style=\"text-align: center;\">Le d\u00e9lai de livraison standard est de <strong>5 \u00e0 10 jours ouvrables<\/strong>. Les \u00e9carts \u00e9ventuels sont indiqu\u00e9s sur les pages des produits concern\u00e9s. <\/h4>\n\t<div id=\"gap-444580294\" class=\"gap-element clearfix\" style=\"display:block; height:auto;\">\n\t\t\n<style>\n#gap-444580294 {\n  padding-top: 30px;\n}\n<\/style>\n\t<\/div>\n\t\n\t<div id=\"gap-1964763006\" class=\"gap-element clearfix\" style=\"display:block; height:auto;\">\n\t\t\n<style>\n#gap-1964763006 {\n  padding-top: 30px;\n}\n<\/style>\n\t<\/div>\n\t\n<div class=\"row row-divided\"  id=\"row-1866307534\">\n\n\t<div id=\"col-745336201\" class=\"col medium-4 large-4\"  >\n\t\t\t\t<div class=\"col-inner\"  >\n\t\t\t\n\t\t\t\n\n\t\t<div class=\"icon-box featured-box icon-box-center text-center\"  >\n\t\t\t\t\t<div class=\"icon-box-img\" style=\"width: 60px\">\n\t\t\t\t<div class=\"icon\">\n\t\t\t\t\t<div class=\"icon-inner\" >\n\t\t\t\t\t\t<img loading=\"lazy\" decoding=\"async\" width=\"100\" height=\"100\" src=\"https:\/\/brandhoutaanhuis.be\/wp-content\/uploads\/2021\/09\/icon-step-1.png\" class=\"attachment-medium size-medium\" alt=\"\" \/>\t\t\t\t\t<\/div>\n\t\t\t\t<\/div>\n\t\t\t<\/div>\n\t\t\t\t<div class=\"icon-box-text last-reset\">\n\t\t\t\t\t\t\t\t\t\n<p><span style=\"color: #282828;\"><strong>Vous commandez en ligne et recevez une confirmation par e-mail.<\/strong><\/span><\/p>\n\t\t<\/div>\n\t<\/div>\n\t\n\t\n\t\t<\/div>\n\t\t\t\t\t<\/div>\n\n\t\n\n\t<div id=\"col-375356218\" class=\"col medium-4 large-4\"  >\n\t\t\t\t<div class=\"col-inner\"  >\n\t\t\t\n\t\t\t\n\n\t\t<div class=\"icon-box featured-box icon-box-center text-center\"  >\n\t\t\t\t\t<div class=\"icon-box-img\" style=\"width: 60px\">\n\t\t\t\t<div class=\"icon\">\n\t\t\t\t\t<div class=\"icon-inner\" >\n\t\t\t\t\t\t<img loading=\"lazy\" decoding=\"async\" width=\"100\" height=\"100\" src=\"https:\/\/brandhoutaanhuis.be\/wp-content\/uploads\/2021\/09\/icon-step-2.png\" class=\"attachment-medium size-medium\" alt=\"\" \/>\t\t\t\t\t<\/div>\n\t\t\t\t<\/div>\n\t\t\t<\/div>\n\t\t\t\t<div class=\"icon-box-text last-reset\">\n\t\t\t\t\t\t\t\t\t\n<p><span style=\"color: #282828;\"><strong>  Notre partenaire logistique GLS vous appellera ou vous contactera par e-mail pour convenir d&rsquo;une date de livraison.<br \/>  Le suivi et la tra\u00e7abilit\u00e9 vous permettent de suivre l&rsquo;envoi.<\/strong><\/span><\/p>\n\t\t<\/div>\n\t<\/div>\n\t\n\t\n\t\t<\/div>\n\t\t\t\t\t<\/div>\n\n\t\n\n\t<div id=\"col-1890214912\" class=\"col medium-4 large-4\"  >\n\t\t\t\t<div class=\"col-inner\"  >\n\t\t\t\n\t\t\t\n\n\t\t<div class=\"icon-box featured-box icon-box-center text-center\"  >\n\t\t\t\t\t<div class=\"icon-box-img\" style=\"width: 60px\">\n\t\t\t\t<div class=\"icon\">\n\t\t\t\t\t<div class=\"icon-inner\" >\n\t\t\t\t\t\t<img loading=\"lazy\" decoding=\"async\" width=\"100\" height=\"100\" src=\"https:\/\/brandhoutaanhuis.be\/wp-content\/uploads\/2021\/09\/icon-step-3.png\" class=\"attachment-medium size-medium\" alt=\"\" \/>\t\t\t\t\t<\/div>\n\t\t\t\t<\/div>\n\t\t\t<\/div>\n\t\t\t\t<div class=\"icon-box-text last-reset\">\n\t\t\t\t\t\t\t\t\t\n<p><span style=\"color: #282828;\"><strong>Les palettes sont livr\u00e9es \u00e0 temps et d\u00e9charg\u00e9es dans vos locaux.<br \/>  Le d\u00e9chargement se fait jusqu&rsquo;au premier obstacle que le transpalette ne peut pas franchir.<\/strong><\/span><\/p>\n\t\t<\/div>\n\t<\/div>\n\t\n\t\n\t\t<\/div>\n\t\t\t\t\t<\/div>\n\n\t\n<\/div>\n\t<div id=\"gap-522442681\" class=\"gap-element clearfix\" style=\"display:block; height:auto;\">\n\t\t\n<style>\n#gap-522442681 {\n  padding-top: 30px;\n}\n<\/style>\n\t<\/div>\n\t\n\t<div id=\"gap-885784861\" class=\"gap-element clearfix\" style=\"display:block; height:auto;\">\n\t\t\n<style>\n#gap-885784861 {\n  padding-top: 30px;\n}\n<\/style>\n\t<\/div>\n\t\n<p>&nbsp;<\/p>\n<div class=\"row row-divided\"  id=\"row-1038561921\">\n\n\t<div id=\"col-789538217\" class=\"col medium-6 large-6\"  >\n\t\t\t\t<div class=\"col-inner\"  >\n\t\t\t\n\t\t\t\n\n\t\t<div class=\"icon-box featured-box icon-box-left text-left\"  >\n\t\t\t\t\t<div class=\"icon-box-img\" style=\"width: 60px\">\n\t\t\t\t<div class=\"icon\">\n\t\t\t\t\t<div class=\"icon-inner\" >\n\t\t\t\t\t\t<img loading=\"lazy\" decoding=\"async\" width=\"128\" height=\"128\" src=\"https:\/\/brandhoutaanhuis.be\/wp-content\/uploads\/2021\/09\/check-icon.png\" class=\"attachment-medium size-medium\" alt=\"\" srcset=\"https:\/\/brandhoutaanhuis.be\/wp-content\/uploads\/2021\/09\/check-icon.png 128w, https:\/\/brandhoutaanhuis.be\/wp-content\/uploads\/2021\/09\/check-icon-100x100.png 100w\" sizes=\"auto, (max-width: 128px) 100vw, 128px\" \/>\t\t\t\t\t<\/div>\n\t\t\t\t<\/div>\n\t\t\t<\/div>\n\t\t\t\t<div class=\"icon-box-text last-reset\">\n\t\t\t\t\t\t\t\t\t\n<p><strong><span style=\"color: #282828;\">Y compris le d\u00e9chargement sur place !<\/span><\/strong><br \/>\n<span style=\"color: #282828;\">La palette est d\u00e9charg\u00e9e dans vos locaux \u00e0 l&rsquo;aide d&rsquo;un chariot \u00e9l\u00e9vateur et d&rsquo;un transpalette.<\/span><\/p>\n\t\t<\/div>\n\t<\/div>\n\t\n\t\n\t\t<\/div>\n\t\t\t\t\t<\/div>\n\n\t\n\n\t<div id=\"col-757441417\" class=\"col medium-1 large-1\"  >\n\t\t\t\t<div class=\"col-inner\"  >\n\t\t\t\n\t\t\t\n\t\t<\/div>\n\t\t\t\t\t<\/div>\n\n\t\n\n\t<div id=\"col-1559685684\" class=\"col medium-5 large-5\"  >\n\t\t\t\t<div class=\"col-inner\"  >\n\t\t\t\n\t\t\t\n\n\t\t<div class=\"icon-box featured-box icon-box-left text-left\"  >\n\t\t\t\t\t<div class=\"icon-box-img\" style=\"width: 60px\">\n\t\t\t\t<div class=\"icon\">\n\t\t\t\t\t<div class=\"icon-inner\" style=\"color:rgb(248, 7, 7);\">\n\t\t\t\t\t\t<img loading=\"lazy\" decoding=\"async\" width=\"128\" height=\"128\" src=\"https:\/\/brandhoutaanhuis.be\/wp-content\/uploads\/2021\/09\/check-icon.png\" class=\"attachment-medium size-medium\" alt=\"\" srcset=\"https:\/\/brandhoutaanhuis.be\/wp-content\/uploads\/2021\/09\/check-icon.png 128w, https:\/\/brandhoutaanhuis.be\/wp-content\/uploads\/2021\/09\/check-icon-100x100.png 100w\" sizes=\"auto, (max-width: 128px) 100vw, 128px\" \/>\t\t\t\t\t<\/div>\n\t\t\t\t<\/div>\n\t\t\t<\/div>\n\t\t\t\t<div class=\"icon-box-text last-reset\">\n\t\t\t\t\t\t\t\t\t\n<p><span style=\"color: #282828;\"><strong>Palette incluse<\/strong><\/span><br \/>\n<span style=\"color: #282828;\">Pas de changement fastidieux de palettes. Pas de co\u00fbts suppl\u00e9mentaires.   <\/span><\/p>\n<p><span style=\"color: #282828;\">La palette reste chez vous en tant que produit gratuit.<\/span><\/p>\n\t\t<\/div>\n\t<\/div>\n\t\n\t\n\t\t<\/div>\n\t\t\t\t\t<\/div>\n\n\t\n<\/div>\n<h4><strong> <\/strong><\/h4>\n<div class=\"is-divider divider clearfix\" style=\"max-width:1100px;\"><\/div>\n<h3 style=\"text-align: center;\"><span style=\"color: #282828;\">Nos conseils pour une livraison en douceur<\/span><\/h3>\n<p style=\"text-align: center;\">Si vous suivez ces conseils, tout se passera bien.<\/p>\n  <div class=\"banner-grid-wrapper\">\n  <div id=\"banner-grid-1486292518\" class=\"banner-grid row row-grid row-small\" data-packery-options=\"\">\n                      \n<div class=\"col grid-col large-6 grid-col-1\" ><div class=\"col-inner\">\n\t<div class=\"img has-hover x md-x lg-x y md-y lg-y\" id=\"image_672974348\">\n\t\t\t\t\t\t\t\t<div class=\"img-inner dark\" >\n\t\t\t<img loading=\"lazy\" decoding=\"async\" width=\"634\" height=\"1024\" src=\"https:\/\/brandhoutaanhuis.be\/wp-content\/uploads\/2024\/08\/c399e025-1485-47f0-a06a-c3cb7322bd48-e1724407287516.jpeg\" class=\"attachment-original size-original\" alt=\"\" srcset=\"https:\/\/brandhoutaanhuis.be\/wp-content\/uploads\/2024\/08\/c399e025-1485-47f0-a06a-c3cb7322bd48-e1724407287516.jpeg 634w, https:\/\/brandhoutaanhuis.be\/wp-content\/uploads\/2024\/08\/c399e025-1485-47f0-a06a-c3cb7322bd48-e1724407287516-248x400.jpeg 248w, https:\/\/brandhoutaanhuis.be\/wp-content\/uploads\/2024\/08\/c399e025-1485-47f0-a06a-c3cb7322bd48-e1724407287516-495x800.jpeg 495w, https:\/\/brandhoutaanhuis.be\/wp-content\/uploads\/2024\/08\/c399e025-1485-47f0-a06a-c3cb7322bd48-e1724407287516-510x824.jpeg 510w\" sizes=\"auto, (max-width: 634px) 100vw, 634px\" \/>\t\t\t\t\t\t\n\t\t\t\t\t<\/div>\n\t\t\t\t\t\t\t\t\n<style>\n#image_672974348 {\n  width: 100%;\n}\n<\/style>\n\t<\/div>\n\t\n<\/div><\/div>\n<div class=\"col grid-col large-6 grid-col-1\" ><div class=\"col-inner\">\n\n\t\t<div class=\"icon-box featured-box icon-box-left text-left\"  >\n\t\t\t\t\t<div class=\"icon-box-img\" style=\"width: 60px\">\n\t\t\t\t<div class=\"icon\">\n\t\t\t\t\t<div class=\"icon-inner\" style=\"color:rgb(248, 7, 7);\">\n\t\t\t\t\t\t<img loading=\"lazy\" decoding=\"async\" width=\"128\" height=\"128\" src=\"https:\/\/brandhoutaanhuis.be\/wp-content\/uploads\/2021\/09\/check-icon.png\" class=\"attachment-medium size-medium\" alt=\"\" srcset=\"https:\/\/brandhoutaanhuis.be\/wp-content\/uploads\/2021\/09\/check-icon.png 128w, https:\/\/brandhoutaanhuis.be\/wp-content\/uploads\/2021\/09\/check-icon-100x100.png 100w\" sizes=\"auto, (max-width: 128px) 100vw, 128px\" \/>\t\t\t\t\t<\/div>\n\t\t\t\t<\/div>\n\t\t\t<\/div>\n\t\t\t\t<div class=\"icon-box-text last-reset\">\n\t\t\t\t\t\t\t\t\t\n<p><span style=\"color: #282828;\"><strong>Soyez \u00e0 la maison pour la livraison.<\/strong><\/span><br \/>  Nous-m\u00eames ou notre partenaire logistique conviendrons avec vous d&rsquo;une date de livraison par t\u00e9l\u00e9phone ou par courrier \u00e9lectronique. Veuillez \u00eatre pr\u00e9sent \u00e0 la maison pour recevoir et v\u00e9rifier les marchandises. <\/p>\n<p>Vous n&rsquo;\u00eates pas chez vous ? Laissez alors des instructions claires, par le biais d&rsquo;un syst\u00e8me de suivi ou d&rsquo;une note \u00e0 la porte, sur ce que le chauffeur doit faire. <\/p>\n\t\t<\/div>\n\t<\/div>\n\t\n\t\n\n\t\t<div class=\"icon-box featured-box icon-box-left text-left\"  >\n\t\t\t\t\t<div class=\"icon-box-img\" style=\"width: 60px\">\n\t\t\t\t<div class=\"icon\">\n\t\t\t\t\t<div class=\"icon-inner\" style=\"color:rgb(248, 7, 7);\">\n\t\t\t\t\t\t<img loading=\"lazy\" decoding=\"async\" width=\"128\" height=\"128\" src=\"https:\/\/brandhoutaanhuis.be\/wp-content\/uploads\/2021\/09\/check-icon.png\" class=\"attachment-medium size-medium\" alt=\"\" srcset=\"https:\/\/brandhoutaanhuis.be\/wp-content\/uploads\/2021\/09\/check-icon.png 128w, https:\/\/brandhoutaanhuis.be\/wp-content\/uploads\/2021\/09\/check-icon-100x100.png 100w\" sizes=\"auto, (max-width: 128px) 100vw, 128px\" \/>\t\t\t\t\t<\/div>\n\t\t\t\t<\/div>\n\t\t\t<\/div>\n\t\t\t\t<div class=\"icon-box-text last-reset\">\n\t\t\t\t\t\t\t\t\t\n<p><span style=\"color: #282828;\"><strong>Si vous avez des exigences suppl\u00e9mentaires, parlez-en au conducteur.<\/strong><\/span><br \/>  En fait, notre partenaire logistique ne peut livrer que \u00ab\u00a0sur le pas de la porte\u00a0\u00bb.<span style=\"font-size: 14.4px;\">Par exemple,<\/span><span style=\"font-size: 14.4px;\"> en pla\u00e7ant les palettes <\/span>  <span style=\"font-size: 14.4px;\">dans votre garage est difficile pour des raisons d&rsquo;assurance. Mais parlez au chauffeur de mani\u00e8re amicale. En g\u00e9n\u00e9ral, il am\u00e8nera quand m\u00eame la palette \u00e0 l&rsquo;endroit souhait\u00e9 pour vous.  <\/span><\/p>\n<p>En outre, vous pouvez effectuer toutes les informations et communications via track and trace avec GLS elle-m\u00eame.<\/p>\n\t\t<\/div>\n\t<\/div>\n\t\n\t\n\n\t\t<div class=\"icon-box featured-box icon-box-left text-left\"  >\n\t\t\t\t\t<div class=\"icon-box-img\" style=\"width: 60px\">\n\t\t\t\t<div class=\"icon\">\n\t\t\t\t\t<div class=\"icon-inner\" style=\"color:rgb(248, 7, 7);\">\n\t\t\t\t\t\t<img loading=\"lazy\" decoding=\"async\" width=\"128\" height=\"128\" src=\"https:\/\/brandhoutaanhuis.be\/wp-content\/uploads\/2021\/09\/check-icon.png\" class=\"attachment-medium size-medium\" alt=\"\" srcset=\"https:\/\/brandhoutaanhuis.be\/wp-content\/uploads\/2021\/09\/check-icon.png 128w, https:\/\/brandhoutaanhuis.be\/wp-content\/uploads\/2021\/09\/check-icon-100x100.png 100w\" sizes=\"auto, (max-width: 128px) 100vw, 128px\" \/>\t\t\t\t\t<\/div>\n\t\t\t\t<\/div>\n\t\t\t<\/div>\n\t\t\t\t<div class=\"icon-box-text last-reset\">\n\t\t\t\t\t\t\t\t\t\n<p><strong><span style=\"color: #282828;\">\u00catre joignable par t\u00e9l\u00e9phone le jour de la livraison.<\/span><\/strong><br \/>  Si quelque chose ne se passe pas comme pr\u00e9vu, par exemple si le bois arrive plus t\u00f4t que pr\u00e9vu, notre partenaire logistique vous appellera.<\/p>\n\t\t<\/div>\n\t<\/div>\n\t\n\t\n<p>&nbsp;<\/p>\n<p>&nbsp;<\/p>\n<\/div><\/div>\n            <\/div>\n    <style>\n    #banner-grid-1486292518 .grid-col-1{height: 600px}\n    #banner-grid-1486292518 .grid-col-1-2{height: 300px}\n    #banner-grid-1486292518 .grid-col-1-3{height:200px}\n    #banner-grid-1486292518 .grid-col-2-3{height: 400px}\n    #banner-grid-1486292518 .grid-col-1-4{height: 150px}\n    #banner-grid-1486292518 .grid-col-3-4{height: 450px}\n\n\n    \n    \n\n  <\/style>\n    <\/div>\n  \n<div class=\"is-divider divider clearfix\" style=\"max-width:1100px;\"><\/div>\n\t<div id=\"gap-1375685962\" class=\"gap-element clearfix\" style=\"display:block; height:auto;\">\n\t\t\n<style>\n#gap-1375685962 {\n  padding-top: 60px;\n}\n<\/style>\n\t<\/div>\n\t\n<h3 style=\"text-align: center;\"><span style=\"color: #282828;\"><strong>Questions fr\u00e9quemment pos\u00e9es sur la livraison<\/strong><\/span><\/h3>\n<p style=\"text-align: center;\">Nous r\u00e9pondons volontiers \u00e0 toutes vos questions par t\u00e9l\u00e9phone :<\/p>\n<p style=\"text-align: center;\">+32 (0)3 318 58 01<\/p>\n<div class=\"accordion\">\n\t<div id=\"accordion-120445229\" class=\"accordion-item\">\n\t\t<a id=\"accordion-120445229-label\" class=\"accordion-title plain\" href=\"#accordion-item-quel-est-le-d\u00e9lai-de-livraison-?\" aria-expanded=\"false\" aria-controls=\"accordion-120445229-content\" >\n\t\t\t<button class=\"toggle\" aria-label=\"Basculer\"><i class=\"icon-angle-down\"><\/i><\/button>\n\t\t\t<span>Quel est le d\u00e9lai de livraison ?<\/span>\n\t\t<\/a>\n\t\t<div id=\"accordion-120445229-content\" class=\"accordion-inner\" aria-labelledby=\"accordion-120445229-label\" >\n\t\t\t\n<p>En \u00e9t\u00e9, le d\u00e9lai de livraison est g\u00e9n\u00e9ralement de 10 \u00e0 15 jours ouvrables.<br \/>  En hiver, ce d\u00e9lai peut \u00eatre de 5 \u00e0 10 jours ouvrables.<\/p>\n<p>Quelques jours apr\u00e8s avoir pass\u00e9 votre commande, le transporteur vous appellera pour convenir d&rsquo;une date de livraison qui vous convienne.<\/p>\n\t\t<\/div>\n\t<\/div>\n\t\n\t<div id=\"accordion-1218393007\" class=\"accordion-item\">\n\t\t<a id=\"accordion-1218393007-label\" class=\"accordion-title plain\" href=\"#accordion-item-puis-je-choisir-la-date-de-livraison-?\" aria-expanded=\"false\" aria-controls=\"accordion-1218393007-content\" >\n\t\t\t<button class=\"toggle\" aria-label=\"Basculer\"><i class=\"icon-angle-down\"><\/i><\/button>\n\t\t\t<span>Puis-je choisir la date de livraison ?<\/span>\n\t\t<\/a>\n\t\t<div id=\"accordion-1218393007-content\" class=\"accordion-inner\" aria-labelledby=\"accordion-1218393007-label\" >\n\t\t\t\n<p>Oui, notre partenaire logistique vous contactera par t\u00e9l\u00e9phone ou par e-mail quelques jours apr\u00e8s votre commande pour convenir d&rsquo;une date de livraison.<\/p>\n<p>Je veux <strong>commander aujourd&rsquo;hui, mais je souhaite recevoir les marchandises plus tard<\/strong> (par exemple dans 3 semaines). Est-ce possible ? <\/p>\n<p>Oui, bien s\u00fbr ! Faites-le nous savoir lors de votre commande. Une petite note dans le champ \u00ab\u00a0Commentaires\u00a0\u00bb (lors de la commande) suffit.  <\/p>\n\t\t<\/div>\n\t<\/div>\n\t\n\t<div id=\"accordion-3193217918\" class=\"accordion-item\">\n\t\t<a id=\"accordion-3193217918-label\" class=\"accordion-title plain\" href=\"#accordion-item-que-se-passe-t-il-si-je-ne-suis-pas-chez-moi-au-moment-de-l&#039;accouchement-?\" aria-expanded=\"false\" aria-controls=\"accordion-3193217918-content\" >\n\t\t\t<button class=\"toggle\" aria-label=\"Basculer\"><i class=\"icon-angle-down\"><\/i><\/button>\n\t\t\t<span>Que se passe-t-il si je ne suis pas chez moi au moment de l&#039;accouchement ?<\/span>\n\t\t<\/a>\n\t\t<div id=\"accordion-3193217918-content\" class=\"accordion-inner\" aria-labelledby=\"accordion-3193217918-label\" >\n\t\t\t\n<p>Le transporteur conviendra avec vous d&rsquo;une date de livraison \u00e0 l&rsquo;avance. Dans la mesure du possible, vous devez \u00eatre pr\u00e9sent \u00e0 votre domicile pour ce rendez-vous. Si ce n&rsquo;est pas le cas, vous pouvez indiquer un lieu de livraison et les marchandises seront plac\u00e9es (si possible) \u00e0 cet endroit appropri\u00e9, par exemple dans votre all\u00e9e, sous l&rsquo;abri de voiture,&#8230;  <\/p>\n\t\t<\/div>\n\t<\/div>\n\t\n<\/div>\n","protected":false},"excerpt":{"rendered":"<p>Livraison gratuite apr\u00e8s rendez-vous t\u00e9l\u00e9phonique. Tous les prix indiqu\u00e9s dans notre boutique comprennent la livraison gratuite \u00e0 domicile. Il n&rsquo;y a pas de frais cach\u00e9s. La livraison ne peut se faire que dans le Benelux. Le d\u00e9lai de livraison standard est de 5 \u00e0 10 jours ouvrables. Les \u00e9carts \u00e9ventuels sont indiqu\u00e9s sur les pages&#8230;<\/p>\n","protected":false},"author":4112,"featured_media":0,"parent":0,"menu_order":0,"comment_status":"closed","ping_status":"closed","template":"","meta":{"_acf_changed":false,"footnotes":""},"class_list":["post-1225","page","type-page","status-publish","hentry"],"acf":[],"_links":{"self":[{"href":"https:\/\/brandhoutaanhuis.be\/fr\/wp-json\/wp\/v2\/pages\/1225","targetHints":{"allow":["GET"]}}],"collection":[{"href":"https:\/\/brandhoutaanhuis.be\/fr\/wp-json\/wp\/v2\/pages"}],"about":[{"href":"https:\/\/brandhoutaanhuis.be\/fr\/wp-json\/wp\/v2\/types\/page"}],"author":[{"embeddable":true,"href":"https:\/\/brandhoutaanhuis.be\/fr\/wp-json\/wp\/v2\/users\/4112"}],"replies":[{"embeddable":true,"href":"https:\/\/brandhoutaanhuis.be\/fr\/wp-json\/wp\/v2\/comments?post=1225"}],"version-history":[{"count":5,"href":"https:\/\/brandhoutaanhuis.be\/fr\/wp-json\/wp\/v2\/pages\/1225\/revisions"}],"predecessor-version":[{"id":1235,"href":"https:\/\/brandhoutaanhuis.be\/fr\/wp-json\/wp\/v2\/pages\/1225\/revisions\/1235"}],"wp:attachment":[{"href":"https:\/\/brandhoutaanhuis.be\/fr\/wp-json\/wp\/v2\/media?parent=1225"}],"curies":[{"name":"wp","href":"https:\/\/api.w.org\/{rel}","templated":true}]}}